{"id":27,"date":"2019-04-13T17:29:41","date_gmt":"2019-04-13T15:29:41","guid":{"rendered":"http:\/\/www2.longhair.nu\/?page_id=27"},"modified":"2024-01-13T09:54:40","modified_gmt":"2024-01-13T08:54:40","slug":"tjanster","status":"publish","type":"page","link":"https:\/\/nya.longhair.nu\/index.php\/tjanster\/","title":{"rendered":"Tj\u00e4nster"},"content":{"rendered":"\n<p>Inf\u00f6r klippningar och behandlingar f\u00f6reg\u00e5s av en noggrann, personlig konsultation.<\/p>\n\n\n\n<p><strong>Klippningar<\/strong><\/p>\n\n\n\n<p><strong>F\u00e4rgning<\/strong><\/p>\n\n\n\n<p><strong>Permanent<\/strong><\/p>\n\n\n\n<p><strong>Kombinations behandlingar<\/strong><\/p>\n\n\n\n<p><strong>Festupps\u00e4ttning<\/strong><\/p>\n\n\n\n<p><strong>Brudkl\u00e4dsel- paket<\/strong><br><\/p>\n","protected":false},"excerpt":{"rendered":"<p>Inf\u00f6r klippningar och behandlingar f\u00f6reg\u00e5s av en noggrann, personlig konsultation. Klippningar F\u00e4rgning Permanent Kombinations behandlingar Festupps\u00e4ttning Brudkl\u00e4dsel- paket<\/p>\n","protected":false},"author":1,"featured_media":0,"parent":0,"menu_order":0,"comment_status":"closed","ping_status":"closed","template":"","meta":[],"_links":{"self":[{"href":"https:\/\/nya.longhair.nu\/index.php\/wp-json\/wp\/v2\/pages\/27"}],"collection":[{"href":"https:\/\/nya.longhair.nu\/index.php\/wp-json\/wp\/v2\/pages"}],"about":[{"href":"https:\/\/nya.longhair.nu\/index.php\/wp-json\/wp\/v2\/types\/page"}],"author":[{"embeddable":true,"href":"https:\/\/nya.longhair.nu\/index.php\/wp-json\/wp\/v2\/users\/1"}],"replies":[{"embeddable":true,"href":"https:\/\/nya.longhair.nu\/index.php\/wp-json\/wp\/v2\/comments?post=27"}],"version-history":[{"count":2,"href":"https:\/\/nya.longhair.nu\/index.php\/wp-json\/wp\/v2\/pages\/27\/revisions"}],"predecessor-version":[{"id":120,"href":"https:\/\/nya.longhair.nu\/index.php\/wp-json\/wp\/v2\/pages\/27\/revisions\/120"}],"wp:attachment":[{"href":"https:\/\/nya.longhair.nu\/index.php\/wp-json\/wp\/v2\/media?parent=27"}],"curies":[{"name":"wp","href":"https:\/\/api.w.org\/{rel}","templated":true}]}}