{"id":7,"date":"2019-04-13T15:24:56","date_gmt":"2019-04-13T13:24:56","guid":{"rendered":"http:\/\/www2.longhair.nu\/?page_id=7"},"modified":"2020-09-03T12:51:25","modified_gmt":"2020-09-03T10:51:25","slug":"produkter","status":"publish","type":"page","link":"https:\/\/nya.longhair.nu\/index.php\/produkter\/","title":{"rendered":"Produkter"},"content":{"rendered":"\n<div class=\"wp-block-image\"><figure class=\"alignleft size-large is-resized\"><img loading=\"lazy\" src=\"http:\/\/www2.longhair.nu\/wp-content\/uploads\/oversikt_gm_products.png\" alt=\"\" class=\"wp-image-70\" width=\"251\" height=\"305\" srcset=\"https:\/\/nya.longhair.nu\/wp-content\/uploads\/oversikt_gm_products.png 532w, https:\/\/nya.longhair.nu\/wp-content\/uploads\/oversikt_gm_products-247x300.png 247w\" sizes=\"(max-width: 251px) 100vw, 251px\" \/><figcaption><em>George Michaels produktserie f\u00f6r professionell h\u00e5rv\u00e5rd<\/em><\/figcaption><\/figure><\/div>\n\n\n\n<figure class=\"wp-block-image size-large\"><img loading=\"lazy\" width=\"629\" height=\"296\" src=\"http:\/\/www2.longhair.nu\/wp-content\/uploads\/Utbud-pa-schampo.png\" alt=\"\" class=\"wp-image-87\" srcset=\"https:\/\/nya.longhair.nu\/wp-content\/uploads\/Utbud-pa-schampo.png 629w, https:\/\/nya.longhair.nu\/wp-content\/uploads\/Utbud-pa-schampo-300x141.png 300w\" sizes=\"(max-width: 629px) 100vw, 629px\" \/><figcaption>Utbud av shampo beroende p\u00e5 h\u00e5r\/hud typ<\/figcaption><\/figure>\n","protected":false},"excerpt":{"rendered":"","protected":false},"author":1,"featured_media":0,"parent":0,"menu_order":0,"comment_status":"closed","ping_status":"closed","template":"","meta":[],"_links":{"self":[{"href":"https:\/\/nya.longhair.nu\/index.php\/wp-json\/wp\/v2\/pages\/7"}],"collection":[{"href":"https:\/\/nya.longhair.nu\/index.php\/wp-json\/wp\/v2\/pages"}],"about":[{"href":"https:\/\/nya.longhair.nu\/index.php\/wp-json\/wp\/v2\/types\/page"}],"author":[{"embeddable":true,"href":"https:\/\/nya.longhair.nu\/index.php\/wp-json\/wp\/v2\/users\/1"}],"replies":[{"embeddable":true,"href":"https:\/\/nya.longhair.nu\/index.php\/wp-json\/wp\/v2\/comments?post=7"}],"version-history":[{"count":4,"href":"https:\/\/nya.longhair.nu\/index.php\/wp-json\/wp\/v2\/pages\/7\/revisions"}],"predecessor-version":[{"id":88,"href":"https:\/\/nya.longhair.nu\/index.php\/wp-json\/wp\/v2\/pages\/7\/revisions\/88"}],"wp:attachment":[{"href":"https:\/\/nya.longhair.nu\/index.php\/wp-json\/wp\/v2\/media?parent=7"}],"curies":[{"name":"wp","href":"https:\/\/api.w.org\/{rel}","templated":true}]}}