{"id":8,"date":"2019-04-13T15:24:56","date_gmt":"2019-04-13T13:24:56","guid":{"rendered":"http:\/\/www2.longhair.nu\/?page_id=8"},"modified":"2020-09-03T13:35:24","modified_gmt":"2020-09-03T11:35:24","slug":"boka-tid","status":"publish","type":"page","link":"https:\/\/nya.longhair.nu\/index.php\/boka-tid\/","title":{"rendered":"Boka tid"},"content":{"rendered":"\n<p>V\u00e5ra kunder bokar oftast en ny tid p\u00e5 plats f\u00f6r att s\u00e4kerst\u00e4lla en eller flera tider som passar in kalenderm\u00e4ssigt och individuell sk\u00f6tselplan som tas fram <br>vid \/ under, en h\u00e5rkonsultation.<br><br>F\u00f6r att boka tid hos;<br><strong>Fris\u00f6rm\u00e4stare, Anne-Sofie <\/strong>     <strong>V\u00e4nligen ring   08 -15 30 20 <\/strong> <br><strong>tryck 1,<\/strong> fris\u00f6r       <strong>1,f\u00f6r Anne-Sofie<\/strong><br>                                    eller l\u00e4mna meddelande p\u00e5 0708-507728<br><strong>tryck 2,<\/strong> hudv\u00e5rd, medicinsk fotv\u00e5rd<br><br><br>\u00d6vrig tidsbokning kan g\u00f6ras via direktl\u00e4nk till boka direkt<br><a href=\"https:\/\/www.bokadirekt.se\/places\/lovefeets-27067\">https:\/\/www.bokadirekt.se\/places\/lovefeets-27067<\/a><br><a href=\"https:\/\/www.bokadirekt.se\/places\/charlottes-beauty-35710\">https:\/\/www.bokadirekt.se\/places\/charlottes-beauty-35710<\/a><br><br><br><br>                                                                         <br><br><br><\/p>\n","protected":false},"excerpt":{"rendered":"<p>V\u00e5ra kunder bokar oftast en ny tid p\u00e5 plats f\u00f6r att s\u00e4kerst\u00e4lla en eller flera tider som passar in kalenderm\u00e4ssigt och individuell sk\u00f6tselplan som tas fram vid \/ under, en h\u00e5rkonsultation. F\u00f6r att boka tid hos;Fris\u00f6rm\u00e4stare, Anne-Sofie V\u00e4nligen ring 08 -15 30 20 tryck 1, fris\u00f6r 1,f\u00f6r Anne-Sofie eller l\u00e4mna meddelande p\u00e5 0708-507728tryck 2, hudv\u00e5rd, &hellip; <\/p>\n","protected":false},"author":1,"featured_media":0,"parent":0,"menu_order":0,"comment_status":"closed","ping_status":"closed","template":"","meta":[],"_links":{"self":[{"href":"https:\/\/nya.longhair.nu\/index.php\/wp-json\/wp\/v2\/pages\/8"}],"collection":[{"href":"https:\/\/nya.longhair.nu\/index.php\/wp-json\/wp\/v2\/pages"}],"about":[{"href":"https:\/\/nya.longhair.nu\/index.php\/wp-json\/wp\/v2\/types\/page"}],"author":[{"embeddable":true,"href":"https:\/\/nya.longhair.nu\/index.php\/wp-json\/wp\/v2\/users\/1"}],"replies":[{"embeddable":true,"href":"https:\/\/nya.longhair.nu\/index.php\/wp-json\/wp\/v2\/comments?post=8"}],"version-history":[{"count":2,"href":"https:\/\/nya.longhair.nu\/index.php\/wp-json\/wp\/v2\/pages\/8\/revisions"}],"predecessor-version":[{"id":97,"href":"https:\/\/nya.longhair.nu\/index.php\/wp-json\/wp\/v2\/pages\/8\/revisions\/97"}],"wp:attachment":[{"href":"https:\/\/nya.longhair.nu\/index.php\/wp-json\/wp\/v2\/media?parent=8"}],"curies":[{"name":"wp","href":"https:\/\/api.w.org\/{rel}","templated":true}]}}